{"id":3,"date":"2022-05-24T03:06:17","date_gmt":"2022-05-24T03:06:17","guid":{"rendered":"http:\/\/comfortroomsbarranquilla.com\/?page_id=3"},"modified":"2022-06-12T13:17:28","modified_gmt":"2022-06-12T13:17:28","slug":"politica-privacidad","status":"publish","type":"page","link":"https:\/\/comfortroomsbarranquilla.com\/en\/politica-privacidad\/","title":{"rendered":"Privacy policy"},"content":{"rendered":"<div data-elementor-type=\"wp-page\" data-elementor-id=\"3\" class=\"elementor elementor-3\" data-elementor-post-type=\"page\">\n\t\t\t\t\t\t<section class=\"elementor-section elementor-top-section elementor-element elementor-element-775ad88 elementor-section-boxed elementor-section-height-default elementor-section-height-default\" data-id=\"775ad88\" data-element_type=\"section\" data-e-type=\"section\">\n\t\t\t\t\t\t<div class=\"elementor-container elementor-column-gap-default\">\n\t\t\t\t\t<div class=\"elementor-column elementor-col-100 elementor-top-column elementor-element elementor-element-7517576\" data-id=\"7517576\" data-element_type=\"column\" data-e-type=\"column\">\n\t\t\t<div class=\"elementor-widget-wrap elementor-element-populated\">\n\t\t\t\t\t\t<div class=\"elementor-element elementor-element-adbc42a elementor-widget elementor-widget-heading\" data-id=\"adbc42a\" data-element_type=\"widget\" data-e-type=\"widget\" data-widget_type=\"heading.default\">\n\t\t\t\t<div class=\"elementor-widget-container\">\n\t\t\t\t\t<h2 class=\"elementor-heading-title elementor-size-default\">Privacy policy<\/h2>\t\t\t\t<\/div>\n\t\t\t\t<\/div>\n\t\t\t\t\t<\/div>\n\t\t<\/div>\n\t\t\t\t\t<\/div>\n\t\t<\/section>\n\t\t\t\t<section class=\"elementor-section elementor-top-section elementor-element elementor-element-2f24b26f elementor-section-boxed elementor-section-height-default elementor-section-height-default\" data-id=\"2f24b26f\" data-element_type=\"section\" data-e-type=\"section\">\n\t\t\t\t\t\t<div class=\"elementor-container elementor-column-gap-default\">\n\t\t\t\t\t<div class=\"elementor-column elementor-col-100 elementor-top-column elementor-element elementor-element-26618a9\" data-id=\"26618a9\" data-element_type=\"column\" data-e-type=\"column\">\n\t\t\t<div class=\"elementor-widget-wrap elementor-element-populated\">\n\t\t\t\t\t\t<div class=\"elementor-element elementor-element-54abeebb elementor-widget elementor-widget-text-editor\" data-id=\"54abeebb\" data-element_type=\"widget\" data-e-type=\"widget\" data-widget_type=\"text-editor.default\">\n\t\t\t\t<div class=\"elementor-widget-container\">\n\t\t\t\t\t\t\t\t\t<p><\/p>\n<p><strong>SECTION 1 \u2013 WHAT DO WE DO WITH YOUR INFORMATION?<\/strong><\/p>\n<p>When booking on our website, as part of the process of buying and selling, we collect the personal information you give us such as your name, address and email address.<\/p>\n<p>When you browse our website, also receive automatically the internet protocol address of your computer (IP) address in order to provide us with information that helps us learn about your browser and operating system.<\/p>\n<p><strong>\u00a0<\/strong><\/p>\n<p><strong>SECTION 2 \u2013 CONSENT<\/strong><\/p>\n<p>How do you get my consent?<\/p>\n<p>When we provide your personal information to complete a transaction, verify your credit card, create an order, arrange for a delivery or to make a return, we imply that you consent to the collection and use for that specific reason only.<\/p>\n<p>If we ask for your personal information for a secondary reason, like marketing, we either ask you directly for your express consent, or we will give you the opportunity to refuse.<\/p>\n<p>How can I cancel my consent?<\/p>\n<p>If after accepting you change your mind, you can cancel your consent to contact you, for the collection, use or disclosure of your information, at anytime, by contacting us at\u00a0<a href=\"mailto:reservas@comfortroomsbarranquilla.com\" target=\"_blank\" rel=\"noopener\">bookings@<wbr \/>comfortroomsbarranquilla.com<\/a>\u00a0or by writing to us at: Comfort Rooms Barranquilla Calle 85 42D -164, -, \u2013 Barranquilla, Atl\u00e1ntico, Colombia.<\/p>\n<p><strong>\u00a0<\/strong><\/p>\n<p><strong>SECTION 3 \u2013 DISCLOSURE<\/strong><\/p>\n<p>We may disclose your personal information if we are required to do so by law or if you violate our Terms of Service.<\/p>\n<p><strong>\u00a0<\/strong><\/p>\n<p><strong>SECTION 4 \u2013 THIRD-PARTY SERVICES<\/strong><\/p>\n<p>In general, the third-party services used by us will only collect, use and disclose your information to the extent necessary to allow them to perform the services they provide to us.<\/p>\n<p>However, certain third-party service providers, such as payment gateways and other payment transaction processors, have their own privacy policies in respect to the information we are required to provide to the transactions related to purchases.<\/p>\n<p>For these providers, we recommend that you read their privacy policies so you can understand the manner in which your personal information will be handled.<\/p>\n<p>In particular, remember that certain providers may be located in or have facilities that are located a different jurisdiction you or us. So if you want to proceed with a transaction that involves the services of a vendor to a third party, your information may be subject to the laws of the jurisdiction (jurisdictions) in which the service provider or its facilities.<\/p>\n<p>By way of example, if you are located in Canada and your transaction is processed by a payment gateway based in the united States, then your personal information used to complete that transaction may be subject to disclosure under the laws of the united States, including the Patriot Act.<\/p>\n<p>Once you leave the website, or you rediriges to a site, or third-party application, you may no longer be regulated by this Privacy Policy or the Terms of Service of our website.<\/p>\n<p>Links:<\/p>\n<p>When you click on links of our website you may be directed away from our site. We are not responsible for the privacy practices of other sites and we recommend that you read their privacy policies.<\/p>\n<p><strong>\u00a0<\/strong><\/p>\n<p><strong>SECTION 5 \u2013 SECURITY<\/strong><\/p>\n<p>To protect your personal information, we take reasonable precautions and follow industry best practices to make sure that there is no loss in an inappropriate manner, misuse, access, disclosure, alteration, or destruction of the same.<\/p>\n<p>IF you provide us with the information of your credit card information, the information is encrypted using Secure Socket Layer technology (SSL) and stored with a AES-256 encryption. Although no method of transmission over the Internet or electronic storage is 100% secure, we follow all the requirements of PCI-DSS and implement additional standards accepted by the industry.<\/p>\n<p><strong style=\"color: var( --e-global-color-text ); font-family: var( --e-global-typography-text-font-family ), Sans-serif;\">\u00a0<\/strong><\/p>\n<p><strong style=\"color: var( --e-global-color-text ); font-family: var( --e-global-typography-text-font-family ), Sans-serif;\">SECTION 7 \u2013 AGE OF CONSENT<\/strong><\/p>\n<p>By using this site, you represent that you are at least the age of majority in your state or province of residence, or that you are the age of majority in your state or province of residence and you have given us your consent to allow any of your minor dependents to use this site.<\/p>\n<p><strong>\u00a0<\/strong><\/p>\n<p><strong>SECTION 8 \u2013 CHANGES TO THIS PRIVACY POLICY<\/strong><\/p>\n<p>We reserve the right to modify this privacy policy at any time, so please review it frequently. Changes and clarifications will take effect immediately upon their posting on the website. If we make material changes to this policy, we will notify you here that it has been updated, so that you are aware of what information we collect, how and under what circumstances, if any, we use and\/or disclose it.<\/p>\n<p><strong>\u00a0<\/strong><\/p>\n<p><strong>QUESTIONS AND CONTACT INFORMATION<\/strong><\/p>\n<p>If you want to: access, correct, amend or delete any personal information we have about you, register a complaint, or simply want more information contact our Privacy Compliance Officer\u00a0<strong>bookings@<wbr \/>comfortroomsbarranquilla.com<\/strong>\u00a0or by postal mail to the Comfort Rooms Barranquilla<\/p>\n<p>Street 85 42D -164 -, \u2013 Barranquilla, Atlantico, Colombia\u00a0<\/p>\n<p><\/p>\t\t\t\t\t\t\t\t<\/div>\n\t\t\t\t<\/div>\n\t\t\t\t\t<\/div>\n\t\t<\/div>\n\t\t\t\t\t<\/div>\n\t\t<\/section>\n\t\t\t\t<\/div>","protected":false},"excerpt":{"rendered":"<p>Pol\u00edtica de privacidad SECCI\u00d3N 1 &#8211; \u00bfQU\u00c9 HACEMOS CON TU INFORMACI\u00d3N? Cuando reservas en nuestro sitio web, como parte del proceso de compra venta, nosotros recolectamos la informaci\u00f3n personal que nos das tales como nombre, direcci\u00f3n y correo electr\u00f3nico. Cuando navegas en nuestra web, tambi\u00e9n recibimos de manera autom\u00e1tica la direcci\u00f3n de protocolo de internet [&hellip;]<\/p>\n","protected":false},"author":1,"featured_media":0,"parent":0,"menu_order":0,"comment_status":"closed","ping_status":"open","template":"","meta":{"_joinchat":[],"footnotes":""},"class_list":["post-3","page","type-page","status-publish","hentry"],"aioseo_notices":[],"_links":{"self":[{"href":"https:\/\/comfortroomsbarranquilla.com\/en\/wp-json\/wp\/v2\/pages\/3","targetHints":{"allow":["GET"]}}],"collection":[{"href":"https:\/\/comfortroomsbarranquilla.com\/en\/wp-json\/wp\/v2\/pages"}],"about":[{"href":"https:\/\/comfortroomsbarranquilla.com\/en\/wp-json\/wp\/v2\/types\/page"}],"author":[{"embeddable":true,"href":"https:\/\/comfortroomsbarranquilla.com\/en\/wp-json\/wp\/v2\/users\/1"}],"replies":[{"embeddable":true,"href":"https:\/\/comfortroomsbarranquilla.com\/en\/wp-json\/wp\/v2\/comments?post=3"}],"version-history":[{"count":4,"href":"https:\/\/comfortroomsbarranquilla.com\/en\/wp-json\/wp\/v2\/pages\/3\/revisions"}],"predecessor-version":[{"id":962,"href":"https:\/\/comfortroomsbarranquilla.com\/en\/wp-json\/wp\/v2\/pages\/3\/revisions\/962"}],"wp:attachment":[{"href":"https:\/\/comfortroomsbarranquilla.com\/en\/wp-json\/wp\/v2\/media?parent=3"}],"curies":[{"name":"wp","href":"https:\/\/api.w.org\/{rel}","templated":true}]}}